{"id":1021,"date":"2019-09-04T16:41:32","date_gmt":"2019-09-04T14:41:32","guid":{"rendered":"http:\/\/theatralis.org\/?page_id=1021"},"modified":"2025-09-07T16:25:17","modified_gmt":"2025-09-07T15:25:17","slug":"quem-somos","status":"publish","type":"page","link":"https:\/\/theatralis.org\/?page_id=1021","title":{"rendered":"Quem somos"},"content":{"rendered":"<p>[vc_row][vc_column width=\u00a0\u00bb1\/2&Prime;][vc_empty_space height=\u00a0\u00bb25px\u00a0\u00bb][vc_column_text]<\/p>\n<h2 style=\"text-align: center;\"><strong>A Nossa Equipa<\/strong><\/h2>\n<p>[\/vc_column_text][vc_column_text]<img class=\"alignleft wp-image-1024\" src=\"http:\/\/theatralis.org\/wp-content\/uploads\/2019\/09\/Linda-Mesnel-1-240x300.jpg\" alt=\"\" width=\"102\" height=\"127\" srcset=\"https:\/\/theatralis.org\/wp-content\/uploads\/2019\/09\/Linda-Mesnel-1-240x300.jpg 240w, https:\/\/theatralis.org\/wp-content\/uploads\/2019\/09\/Linda-Mesnel-1-600x749.jpg 600w, https:\/\/theatralis.org\/wp-content\/uploads\/2019\/09\/Linda-Mesnel-1-768x958.jpg 768w, https:\/\/theatralis.org\/wp-content\/uploads\/2019\/09\/Linda-Mesnel-1-821x1024.jpg 821w, https:\/\/theatralis.org\/wp-content\/uploads\/2019\/09\/Linda-Mesnel-1-806x1006.jpg 806w, https:\/\/theatralis.org\/wp-content\/uploads\/2019\/09\/Linda-Mesnel-1-558x696.jpg 558w, https:\/\/theatralis.org\/wp-content\/uploads\/2019\/09\/Linda-Mesnel-1-655x817.jpg 655w, https:\/\/theatralis.org\/wp-content\/uploads\/2019\/09\/Linda-Mesnel-1.jpg 848w\" sizes=\"(max-width: 102px) 100vw, 102px\" \/><strong>Linda Mesnel, Presidente<br \/>\n<\/strong><\/p>\n<p align=\"justify\">Linda foi docente de literatura francesa, latim, grego e hist\u00f3ria da arte no ensino secund\u00e1rio em Paris durante 10 anos antes de descobrir Chicago em 2015. Com um pequeno grupo de professores, criou em 2016 o Francophone Youth Theatre, associa\u00e7\u00e3o educativa e cultural n\u00e3o lucrativa que promove a pr\u00e1tica do franc\u00eas atrav\u00e9s do teatro e que levaria \u00e0 cria\u00e7\u00e3o de um festival anual que junta 120 alunos no palco na Universidade de Chicago. Linda descobriu a sua paix\u00e3o pelo teatro muito cedo e formou-se na Ligue Fran\u00e7aise d\u2019improvisation.<br \/>\nGrande entusiasta das l\u00ednguas e das rela\u00e7\u00f5es interculturais, instala-se em Lisboa em 2019 para abrir um novo cap\u00edtulo na sua vida.<\/p>\n<p>&nbsp;<\/p>\n<p><strong><img class=\"alignleft wp-image-1029\" src=\"http:\/\/theatralis.org\/wp-content\/uploads\/2019\/09\/agnes-lacroix2-150x150.png\" alt=\"\" width=\"102\" height=\"100\" \/>Agn\u00e8s Lacroix, Tesoureira<br \/>\n<\/strong><\/p>\n<p align=\"justify\">Ap\u00f3s ter come\u00e7ado a sua carreira como professora de franc\u00eas l\u00edngua estrangeira em \u201cclasse aberta\u201d numa escola de terceiro ciclo em Bord\u00e9us, em paralelo com um trabalho de investiga\u00e7\u00e3o universit\u00e1ria sobre a constru\u00e7\u00e3o identit\u00e1ria dos jovens num contexto bilingue, Agn\u00e8s Lacroix integra os servi\u00e7os de prote\u00e7\u00e3o de menores. Com o nascimento do seu segundo filho, Agn\u00e8s decide instalar-se nas margens tranquilas do Tejo. Ensina franc\u00eas l\u00edngua estrangeira em empresas e escolas de l\u00ednguas e mais tarde integra o Liceu Franc\u00eas Charles Lepierre como professora de letras (en portugais on dirait professora de franc\u00eas e de literatura francesa) onde exerce desde 2016. Antiga aluna do Conservat\u00f3rio, a m\u00fasica, a dan\u00e7a e o teatro sempre fizeram parte da sua vida. A utiliza\u00e7\u00e3o do suporte teatral \u00e9 uma constante na sua pr\u00e1tica do ensino com os alunos, primeiro no quadro de ateliers de escrita e, desde h\u00e1 5 anos, como dinamizadora do atelier Th\u00e9\u00e2tre des Lyc\u00e9ens.<\/p>\n<p>[\/vc_column_text][vc_column_text]<strong><img class=\"alignleft wp-image-1377\" src=\"http:\/\/theatralis.org\/wp-content\/uploads\/2025\/09\/THEO-LELONG-150x150.jpg\" alt=\"\" width=\"100\" height=\"100\" srcset=\"https:\/\/theatralis.org\/wp-content\/uploads\/2025\/09\/THEO-LELONG-150x150.jpg 150w, https:\/\/theatralis.org\/wp-content\/uploads\/2025\/09\/THEO-LELONG-300x300.jpg 300w, https:\/\/theatralis.org\/wp-content\/uploads\/2025\/09\/THEO-LELONG-1024x1024.jpg 1024w, https:\/\/theatralis.org\/wp-content\/uploads\/2025\/09\/THEO-LELONG-768x768.jpg 768w, https:\/\/theatralis.org\/wp-content\/uploads\/2025\/09\/THEO-LELONG-468x468.jpg 468w, https:\/\/theatralis.org\/wp-content\/uploads\/2025\/09\/THEO-LELONG-1116x1116.jpg 1116w, https:\/\/theatralis.org\/wp-content\/uploads\/2025\/09\/THEO-LELONG-806x806.jpg 806w, https:\/\/theatralis.org\/wp-content\/uploads\/2025\/09\/THEO-LELONG-558x558.jpg 558w, https:\/\/theatralis.org\/wp-content\/uploads\/2025\/09\/THEO-LELONG-655x655.jpg 655w, https:\/\/theatralis.org\/wp-content\/uploads\/2025\/09\/THEO-LELONG-600x600.jpg 600w, https:\/\/theatralis.org\/wp-content\/uploads\/2025\/09\/THEO-LELONG-220x220.jpg 220w, https:\/\/theatralis.org\/wp-content\/uploads\/2025\/09\/THEO-LELONG.jpg 1365w\" sizes=\"(max-width: 100px) 100vw, 100px\" \/>Th\u00e9o Lelong<br \/>\n<\/strong><\/p>\n<p align=\"justify\">Actor e encenador,<\/p>\n<p align=\"justify\">\n<p align=\"justify\">\n<p align=\"justify\">\n<p>[\/vc_column_text][vc_column_text]<strong><img class=\"alignleft wp-image-1327 size-thumbnail\" src=\"http:\/\/theatralis.org\/wp-content\/uploads\/2024\/09\/RAFAEL-ZINC-150x150.jpg\" alt=\"\" width=\"102\" height=\"102\" srcset=\"https:\/\/theatralis.org\/wp-content\/uploads\/2024\/09\/RAFAEL-ZINC-150x150.jpg 150w, https:\/\/theatralis.org\/wp-content\/uploads\/2024\/09\/RAFAEL-ZINC-468x468.jpg 468w, https:\/\/theatralis.org\/wp-content\/uploads\/2024\/09\/RAFAEL-ZINC-300x300.jpg 300w, https:\/\/theatralis.org\/wp-content\/uploads\/2024\/09\/RAFAEL-ZINC-220x220.jpg 220w\" sizes=\"(max-width: 102px) 100vw, 102px\" \/>Rafael Zinc<\/strong><\/p>\n<p align=\"justify\">Ator e m\u00fasico, Rafael Zink come\u00e7ou o seu caminho acad\u00e9mico e art\u00edstico no Conservat\u00f3rio Nacional de Lisboa, onde desenvolveu uma aptid\u00e3o e paix\u00e3o pela arte de Express\u00e3o Dram\u00e1tica. Licenciou-se na Queen Mary University of London em Teatro, seguido por um mestrado na FCSH em Artes C\u00e9nica, em Lisboa. Em 2022 come\u00e7ou a trabalhar na Companhia Jo\u00e3o Garcia Miguel, participando em v\u00e1rios trabalhos art\u00edsticos, para al\u00e9m de outras atividades e projetos teatrais, musicais, ou at\u00e9 pedag\u00f3gicos. Nestes \u00faltimos anos fez parte de v\u00e1rios grupos e produ\u00e7\u00f5es culturais e teatrais, tendo atuado em portugu\u00eas, ingl\u00eas e franc\u00eas, notoriamente com a associa\u00e7\u00e3o Theatralis.<\/p>\n<p>&nbsp;<\/p>\n<h2 style=\"text-align: center;\"><strong>Os nossos Membros do Conselho<\/strong><\/h2>\n<p>&nbsp;<\/p>\n<p><strong><img class=\"alignleft wp-image-1079\" src=\"http:\/\/theatralis.org\/wp-content\/uploads\/2019\/09\/Karine-DEREN-FYT-150x150.jpg\" alt=\"\" width=\"102\" height=\"123\" srcset=\"https:\/\/theatralis.org\/wp-content\/uploads\/2019\/09\/Karine-DEREN-FYT-249x300.jpg 249w, https:\/\/theatralis.org\/wp-content\/uploads\/2019\/09\/Karine-DEREN-FYT-558x673.jpg 558w, https:\/\/theatralis.org\/wp-content\/uploads\/2019\/09\/Karine-DEREN-FYT.jpg 600w\" sizes=\"(max-width: 102px) 100vw, 102px\" \/>Karine Deren, <\/strong><strong>Presidente do Conselho Fiscal<\/strong><\/p>\n<h4><strong>\u00a0<\/strong><\/h4>\n<p>&nbsp;<\/p>\n<p>&nbsp;<\/p>\n<p>&nbsp;<\/p>\n<h4><\/h4>\n<p><strong><img class=\"alignleft wp-image-1078\" src=\"http:\/\/theatralis.org\/wp-content\/uploads\/2019\/09\/Idalina-LEJEUNE-THEATRALIS-150x150.jpg\" alt=\"\" width=\"102\" height=\"118\" srcset=\"https:\/\/theatralis.org\/wp-content\/uploads\/2019\/09\/Idalina-LEJEUNE-THEATRALIS-600x692.jpg 600w, https:\/\/theatralis.org\/wp-content\/uploads\/2019\/09\/Idalina-LEJEUNE-THEATRALIS-260x300.jpg 260w, https:\/\/theatralis.org\/wp-content\/uploads\/2019\/09\/Idalina-LEJEUNE-THEATRALIS-768x886.jpg 768w, https:\/\/theatralis.org\/wp-content\/uploads\/2019\/09\/Idalina-LEJEUNE-THEATRALIS-888x1024.jpg 888w, https:\/\/theatralis.org\/wp-content\/uploads\/2019\/09\/Idalina-LEJEUNE-THEATRALIS-1116x1288.jpg 1116w, https:\/\/theatralis.org\/wp-content\/uploads\/2019\/09\/Idalina-LEJEUNE-THEATRALIS-806x930.jpg 806w, https:\/\/theatralis.org\/wp-content\/uploads\/2019\/09\/Idalina-LEJEUNE-THEATRALIS-558x644.jpg 558w, https:\/\/theatralis.org\/wp-content\/uploads\/2019\/09\/Idalina-LEJEUNE-THEATRALIS-655x756.jpg 655w, https:\/\/theatralis.org\/wp-content\/uploads\/2019\/09\/Idalina-LEJEUNE-THEATRALIS.jpg 1600w\" sizes=\"(max-width: 102px) 100vw, 102px\" \/>Idalina Lejeune, <\/strong><strong>Vogal do Conselho Fiscal<\/strong><\/p>\n<h4><strong>\u00a0<\/strong><\/h4>\n<p>&nbsp;<\/p>\n<p><strong>Pierre Lejeune,<\/strong><strong> Segundo <\/strong><strong>Secret\u00e1rio <\/strong><strong>da Assembleia Geral<\/strong><\/p>\n<p>&nbsp;<\/p>\n<p><strong>Rebecca Abeccassis<\/strong><\/p>\n<p><strong>Ana Barbosa<\/strong><\/p>\n<p><strong>Margarida Cereceda<\/strong><\/p>\n<p><strong>\u00a0<\/strong>[\/vc_column_text][\/vc_column][\/vc_row]<\/p>\n","protected":false},"excerpt":{"rendered":"<p>[vc_row][vc_column width=\u00a0\u00bb1\/2&Prime;][vc_empty_space height=\u00a0\u00bb25px\u00a0\u00bb][vc_column_text] A Nossa Equipa [\/vc_column_text][vc_column_text]Linda Mesnel, Presidente Linda foi docente de literatura francesa, latim, grego e hist\u00f3ria da arte no ensino secund\u00e1rio em Paris durante 10 anos antes de descobrir Chicago em 2015. Com um pequeno grupo de professores, criou em 2016 o Francophone Youth Theatre, associa\u00e7\u00e3o educativa e cultural n\u00e3o lucrativa que&hellip;<\/p>\n","protected":false},"author":1,"featured_media":0,"parent":0,"menu_order":0,"comment_status":"closed","ping_status":"closed","template":"","meta":[],"acf":[],"_links":{"self":[{"href":"https:\/\/theatralis.org\/index.php?rest_route=\/wp\/v2\/pages\/1021"}],"collection":[{"href":"https:\/\/theatralis.org\/index.php?rest_route=\/wp\/v2\/pages"}],"about":[{"href":"https:\/\/theatralis.org\/index.php?rest_route=\/wp\/v2\/types\/page"}],"author":[{"embeddable":true,"href":"https:\/\/theatralis.org\/index.php?rest_route=\/wp\/v2\/users\/1"}],"replies":[{"embeddable":true,"href":"https:\/\/theatralis.org\/index.php?rest_route=%2Fwp%2Fv2%2Fcomments&post=1021"}],"version-history":[{"count":44,"href":"https:\/\/theatralis.org\/index.php?rest_route=\/wp\/v2\/pages\/1021\/revisions"}],"predecessor-version":[{"id":1378,"href":"https:\/\/theatralis.org\/index.php?rest_route=\/wp\/v2\/pages\/1021\/revisions\/1378"}],"wp:attachment":[{"href":"https:\/\/theatralis.org\/index.php?rest_route=%2Fwp%2Fv2%2Fmedia&parent=1021"}],"curies":[{"name":"wp","href":"https:\/\/api.w.org\/{rel}","templated":true}]}}